{"id":4565,"date":"2021-11-22T12:47:16","date_gmt":"2021-11-22T12:47:16","guid":{"rendered":"https:\/\/izmirpecete.com\/?post_type=product&#038;p=4565"},"modified":"2023-01-17T14:34:27","modified_gmt":"2023-01-17T14:34:27","slug":"eco-set-pecetesi-24cmx25cm","status":"publish","type":"product","link":"https:\/\/izmirpecete.com\/index.php\/urun\/eco-set-pecetesi-24cmx25cm\/","title":{"rendered":"40X40 Cepli Pe\u00e7eteler"},"content":{"rendered":"<div class=\"title-four\">\n<h2>40X40 Cepli Pe\u00e7eteler<\/h2>\n<\/div>\n<div class=\"scree_feature_item\">\n<div class=\"media\">\n<div class=\"media-left\">\n<div class=\"icon\">Kalite :\u00a0 55 gr\/m2<\/div>\n<\/div>\n<\/div>\n<\/div>\n<div class=\"scree_feature_item\">\n<div class=\"media\">\n<div class=\"media-left\">\n<div class=\"icon\">Bask\u0131 : Flexo Bask\u0131 (2 renk), Varak Bask\u0131, Press Bask\u0131<\/div>\n<\/div>\n<\/div>\n<\/div>\n<div class=\"scree_feature_item\">\n<div class=\"media\">\n<div class=\"media-left\">\n<div class=\"icon\">Ambalajlama : 16 x 50\u2019lik paket (toplam 800 adet)<\/div>\n<\/div>\n<\/div>\n<\/div>\n<div class=\"scree_feature_item\">\n<div class=\"media\">\n<div class=\"media-left\">\n<div class=\"icon\">Koli \u00d6l\u00e7\u00fcs\u00fc : 435mm x 440mm x 450mm<\/div>\n<\/div>\n<\/div>\n<\/div>\n<div class=\"scree_feature_item\">\n<div class=\"media\">\n<div class=\"media-left\">Katlama : Cepli \u00f6zel 1\/8 katlama<\/div>\n<\/div>\n<\/div>\n","protected":false},"excerpt":{"rendered":"<p>40X40 Cepli Pe\u00e7eteler Kalite :\u00a0 55 gr\/m2 Bask\u0131 : Flexo Bask\u0131 (2 renk), Varak Bask\u0131, Press Bask\u0131 Ambalajlama : 16 x 50\u2019lik paket (toplam 800 adet) Koli \u00d6l\u00e7\u00fcs\u00fc : 435mm x 440mm x 450mm Katlama : Cepli \u00f6zel 1\/8 katlama<\/p>\n","protected":false},"featured_media":4574,"template":"","meta":[],"product_cat":[46],"product_tag":[],"_links":{"self":[{"href":"https:\/\/izmirpecete.com\/index.php\/wp-json\/wp\/v2\/product\/4565"}],"collection":[{"href":"https:\/\/izmirpecete.com\/index.php\/wp-json\/wp\/v2\/product"}],"about":[{"href":"https:\/\/izmirpecete.com\/index.php\/wp-json\/wp\/v2\/types\/product"}],"wp:featuredmedia":[{"embeddable":true,"href":"https:\/\/izmirpecete.com\/index.php\/wp-json\/wp\/v2\/media\/4574"}],"wp:attachment":[{"href":"https:\/\/izmirpecete.com\/index.php\/wp-json\/wp\/v2\/media?parent=4565"}],"wp:term":[{"taxonomy":"product_cat","embeddable":true,"href":"https:\/\/izmirpecete.com\/index.php\/wp-json\/wp\/v2\/product_cat?post=4565"},{"taxonomy":"product_tag","embeddable":true,"href":"https:\/\/izmirpecete.com\/index.php\/wp-json\/wp\/v2\/product_tag?post=4565"}],"curies":[{"name":"wp","href":"https:\/\/api.w.org\/{rel}","templated":true}]}}