{"id":4556,"date":"2021-11-22T12:45:29","date_gmt":"2021-11-22T12:45:29","guid":{"rendered":"https:\/\/izmirpecete.com\/?post_type=product&#038;p=4556"},"modified":"2023-01-17T16:07:40","modified_gmt":"2023-01-17T16:07:40","slug":"logo-baskili-33cmx33cm-renkli-pecete","status":"publish","type":"product","link":"https:\/\/izmirpecete.com\/index.php\/urun\/logo-baskili-33cmx33cm-renkli-pecete\/","title":{"rendered":"Logo Bask\u0131l\u0131 33cmx33cm Renkli Pe\u00e7ete"},"content":{"rendered":"","protected":false},"excerpt":{"rendered":"","protected":false},"featured_media":4586,"template":"","meta":[],"product_cat":[46],"product_tag":[],"_links":{"self":[{"href":"https:\/\/izmirpecete.com\/index.php\/wp-json\/wp\/v2\/product\/4556"}],"collection":[{"href":"https:\/\/izmirpecete.com\/index.php\/wp-json\/wp\/v2\/product"}],"about":[{"href":"https:\/\/izmirpecete.com\/index.php\/wp-json\/wp\/v2\/types\/product"}],"wp:featuredmedia":[{"embeddable":true,"href":"https:\/\/izmirpecete.com\/index.php\/wp-json\/wp\/v2\/media\/4586"}],"wp:attachment":[{"href":"https:\/\/izmirpecete.com\/index.php\/wp-json\/wp\/v2\/media?parent=4556"}],"wp:term":[{"taxonomy":"product_cat","embeddable":true,"href":"https:\/\/izmirpecete.com\/index.php\/wp-json\/wp\/v2\/product_cat?post=4556"},{"taxonomy":"product_tag","embeddable":true,"href":"https:\/\/izmirpecete.com\/index.php\/wp-json\/wp\/v2\/product_tag?post=4556"}],"curies":[{"name":"wp","href":"https:\/\/api.w.org\/{rel}","templated":true}]}}