{"id":4552,"date":"2021-11-22T12:44:36","date_gmt":"2021-11-22T12:44:36","guid":{"rendered":"https:\/\/izmirpecete.com\/?post_type=product&#038;p=4552"},"modified":"2023-01-17T14:27:23","modified_gmt":"2023-01-17T14:27:23","slug":"logo-baskili-25cmx24cm-renkli-pecete","status":"publish","type":"product","link":"https:\/\/izmirpecete.com\/index.php\/urun\/logo-baskili-25cmx24cm-renkli-pecete\/","title":{"rendered":"20X20 Cm Bar Pe\u00e7eteleri"},"content":{"rendered":"<div class=\"scree_feature_item\">\n<div class=\"media\">\n<div class=\"media-body\">Kalite :\u00a0 55 gr\/m2<\/div>\n<\/div>\n<\/div>\n<div class=\"scree_feature_item\">\n<div class=\"media\">\n<div class=\"media-left\">\n<div class=\"icon\"><\/div>\n<\/div>\n<div class=\"media-body\">Bask\u0131 : Flexo Bask\u0131 (2 renk), Varak Bask\u0131, Press Bask\u0131<\/div>\n<\/div>\n<\/div>\n<div class=\"scree_feature_item\">\n<div class=\"media\">\n<div class=\"media-left\">\n<div class=\"icon\"><\/div>\n<\/div>\n<div class=\"media-body\">Ambalajlama : \u00a048 x 50\u2019lik paket (toplam 2400 adet)<\/div>\n<\/div>\n<\/div>\n<div class=\"scree_feature_item\">\n<div class=\"media\">\n<div class=\"media-left\"><\/div>\n<div class=\"media-body\">Katlama : \u00bc katlama<\/div>\n<\/div>\n<\/div>\n","protected":false},"excerpt":{"rendered":"<p>Kalite :\u00a0 55 gr\/m2 Bask\u0131 : Flexo Bask\u0131 (2 renk), Varak Bask\u0131, Press Bask\u0131 Ambalajlama : \u00a048 x 50\u2019lik paket (toplam 2400 adet) Katlama : \u00bc katlama<\/p>\n","protected":false},"featured_media":4571,"template":"","meta":[],"product_cat":[46],"product_tag":[],"_links":{"self":[{"href":"https:\/\/izmirpecete.com\/index.php\/wp-json\/wp\/v2\/product\/4552"}],"collection":[{"href":"https:\/\/izmirpecete.com\/index.php\/wp-json\/wp\/v2\/product"}],"about":[{"href":"https:\/\/izmirpecete.com\/index.php\/wp-json\/wp\/v2\/types\/product"}],"wp:featuredmedia":[{"embeddable":true,"href":"https:\/\/izmirpecete.com\/index.php\/wp-json\/wp\/v2\/media\/4571"}],"wp:attachment":[{"href":"https:\/\/izmirpecete.com\/index.php\/wp-json\/wp\/v2\/media?parent=4552"}],"wp:term":[{"taxonomy":"product_cat","embeddable":true,"href":"https:\/\/izmirpecete.com\/index.php\/wp-json\/wp\/v2\/product_cat?post=4552"},{"taxonomy":"product_tag","embeddable":true,"href":"https:\/\/izmirpecete.com\/index.php\/wp-json\/wp\/v2\/product_tag?post=4552"}],"curies":[{"name":"wp","href":"https:\/\/api.w.org\/{rel}","templated":true}]}}