{"id":4550,"date":"2021-11-22T12:43:58","date_gmt":"2021-11-22T12:43:58","guid":{"rendered":"https:\/\/izmirpecete.com\/?post_type=product&#038;p=4550"},"modified":"2023-01-17T15:56:03","modified_gmt":"2023-01-17T15:56:03","slug":"logo-baskili-25cmx24cm","status":"publish","type":"product","link":"https:\/\/izmirpecete.com\/index.php\/urun\/logo-baskili-25cmx24cm\/","title":{"rendered":"Logo Bask\u0131l\u0131 25cmx25cm Pe\u00e7ete"},"content":{"rendered":"","protected":false},"excerpt":{"rendered":"","protected":false},"featured_media":4581,"template":"","meta":[],"product_cat":[46],"product_tag":[],"_links":{"self":[{"href":"https:\/\/izmirpecete.com\/index.php\/wp-json\/wp\/v2\/product\/4550"}],"collection":[{"href":"https:\/\/izmirpecete.com\/index.php\/wp-json\/wp\/v2\/product"}],"about":[{"href":"https:\/\/izmirpecete.com\/index.php\/wp-json\/wp\/v2\/types\/product"}],"wp:featuredmedia":[{"embeddable":true,"href":"https:\/\/izmirpecete.com\/index.php\/wp-json\/wp\/v2\/media\/4581"}],"wp:attachment":[{"href":"https:\/\/izmirpecete.com\/index.php\/wp-json\/wp\/v2\/media?parent=4550"}],"wp:term":[{"taxonomy":"product_cat","embeddable":true,"href":"https:\/\/izmirpecete.com\/index.php\/wp-json\/wp\/v2\/product_cat?post=4550"},{"taxonomy":"product_tag","embeddable":true,"href":"https:\/\/izmirpecete.com\/index.php\/wp-json\/wp\/v2\/product_tag?post=4550"}],"curies":[{"name":"wp","href":"https:\/\/api.w.org\/{rel}","templated":true}]}}