{"id":4546,"date":"2021-11-22T12:43:16","date_gmt":"2021-11-22T12:43:16","guid":{"rendered":"https:\/\/izmirpecete.com\/?post_type=product&#038;p=4546"},"modified":"2021-11-22T12:43:16","modified_gmt":"2021-11-22T12:43:16","slug":"baton-ekmek-kagidi-pencereli","status":"publish","type":"product","link":"https:\/\/izmirpecete.com\/index.php\/urun\/baton-ekmek-kagidi-pencereli\/","title":{"rendered":"Baton Ekmek Ka\u011f\u0131d\u0131 &#8211; Pencereli"},"content":{"rendered":"","protected":false},"excerpt":{"rendered":"","protected":false},"featured_media":0,"template":"","meta":[],"product_cat":[45],"product_tag":[],"_links":{"self":[{"href":"https:\/\/izmirpecete.com\/index.php\/wp-json\/wp\/v2\/product\/4546"}],"collection":[{"href":"https:\/\/izmirpecete.com\/index.php\/wp-json\/wp\/v2\/product"}],"about":[{"href":"https:\/\/izmirpecete.com\/index.php\/wp-json\/wp\/v2\/types\/product"}],"wp:attachment":[{"href":"https:\/\/izmirpecete.com\/index.php\/wp-json\/wp\/v2\/media?parent=4546"}],"wp:term":[{"taxonomy":"product_cat","embeddable":true,"href":"https:\/\/izmirpecete.com\/index.php\/wp-json\/wp\/v2\/product_cat?post=4546"},{"taxonomy":"product_tag","embeddable":true,"href":"https:\/\/izmirpecete.com\/index.php\/wp-json\/wp\/v2\/product_tag?post=4546"}],"curies":[{"name":"wp","href":"https:\/\/api.w.org\/{rel}","templated":true}]}}