{"id":4545,"date":"2021-11-22T12:42:22","date_gmt":"2021-11-22T12:42:22","guid":{"rendered":"https:\/\/izmirpecete.com\/?post_type=product&#038;p=4545"},"modified":"2021-11-22T12:42:22","modified_gmt":"2021-11-22T12:42:22","slug":"pide-kagidi","status":"publish","type":"product","link":"https:\/\/izmirpecete.com\/index.php\/urun\/pide-kagidi\/","title":{"rendered":"Pide Ka\u011f\u0131d\u0131"},"content":{"rendered":"","protected":false},"excerpt":{"rendered":"","protected":false},"featured_media":0,"template":"","meta":[],"product_cat":[45],"product_tag":[],"_links":{"self":[{"href":"https:\/\/izmirpecete.com\/index.php\/wp-json\/wp\/v2\/product\/4545"}],"collection":[{"href":"https:\/\/izmirpecete.com\/index.php\/wp-json\/wp\/v2\/product"}],"about":[{"href":"https:\/\/izmirpecete.com\/index.php\/wp-json\/wp\/v2\/types\/product"}],"wp:attachment":[{"href":"https:\/\/izmirpecete.com\/index.php\/wp-json\/wp\/v2\/media?parent=4545"}],"wp:term":[{"taxonomy":"product_cat","embeddable":true,"href":"https:\/\/izmirpecete.com\/index.php\/wp-json\/wp\/v2\/product_cat?post=4545"},{"taxonomy":"product_tag","embeddable":true,"href":"https:\/\/izmirpecete.com\/index.php\/wp-json\/wp\/v2\/product_tag?post=4545"}],"curies":[{"name":"wp","href":"https:\/\/api.w.org\/{rel}","templated":true}]}}