{"id":4540,"date":"2021-11-22T12:41:28","date_gmt":"2021-11-22T12:41:28","guid":{"rendered":"https:\/\/izmirpecete.com\/?post_type=product&#038;p=4540"},"modified":"2021-11-22T12:41:28","modified_gmt":"2021-11-22T12:41:28","slug":"sarma-kagidi-yagli-kagit","status":"publish","type":"product","link":"https:\/\/izmirpecete.com\/index.php\/urun\/sarma-kagidi-yagli-kagit\/","title":{"rendered":"Sarma Ka\u011f\u0131d\u0131 &#8211; Ya\u011fl\u0131 Ka\u011f\u0131t"},"content":{"rendered":"","protected":false},"excerpt":{"rendered":"","protected":false},"featured_media":0,"template":"","meta":[],"product_cat":[45],"product_tag":[],"_links":{"self":[{"href":"https:\/\/izmirpecete.com\/index.php\/wp-json\/wp\/v2\/product\/4540"}],"collection":[{"href":"https:\/\/izmirpecete.com\/index.php\/wp-json\/wp\/v2\/product"}],"about":[{"href":"https:\/\/izmirpecete.com\/index.php\/wp-json\/wp\/v2\/types\/product"}],"wp:attachment":[{"href":"https:\/\/izmirpecete.com\/index.php\/wp-json\/wp\/v2\/media?parent=4540"}],"wp:term":[{"taxonomy":"product_cat","embeddable":true,"href":"https:\/\/izmirpecete.com\/index.php\/wp-json\/wp\/v2\/product_cat?post=4540"},{"taxonomy":"product_tag","embeddable":true,"href":"https:\/\/izmirpecete.com\/index.php\/wp-json\/wp\/v2\/product_tag?post=4540"}],"curies":[{"name":"wp","href":"https:\/\/api.w.org\/{rel}","templated":true}]}}