{"id":4538,"date":"2021-11-22T12:40:19","date_gmt":"2021-11-22T12:40:19","guid":{"rendered":"https:\/\/izmirpecete.com\/?post_type=product&#038;p=4538"},"modified":"2021-11-22T12:40:19","modified_gmt":"2021-11-22T12:40:19","slug":"catal-bicak-kilifi","status":"publish","type":"product","link":"https:\/\/izmirpecete.com\/index.php\/urun\/catal-bicak-kilifi\/","title":{"rendered":"\u00c7atal B\u0131\u00e7ak K\u0131l\u0131f\u0131"},"content":{"rendered":"","protected":false},"excerpt":{"rendered":"","protected":false},"featured_media":0,"template":"","meta":[],"product_cat":[45],"product_tag":[],"_links":{"self":[{"href":"https:\/\/izmirpecete.com\/index.php\/wp-json\/wp\/v2\/product\/4538"}],"collection":[{"href":"https:\/\/izmirpecete.com\/index.php\/wp-json\/wp\/v2\/product"}],"about":[{"href":"https:\/\/izmirpecete.com\/index.php\/wp-json\/wp\/v2\/types\/product"}],"wp:attachment":[{"href":"https:\/\/izmirpecete.com\/index.php\/wp-json\/wp\/v2\/media?parent=4538"}],"wp:term":[{"taxonomy":"product_cat","embeddable":true,"href":"https:\/\/izmirpecete.com\/index.php\/wp-json\/wp\/v2\/product_cat?post=4538"},{"taxonomy":"product_tag","embeddable":true,"href":"https:\/\/izmirpecete.com\/index.php\/wp-json\/wp\/v2\/product_tag?post=4538"}],"curies":[{"name":"wp","href":"https:\/\/api.w.org\/{rel}","templated":true}]}}