{"id":4537,"date":"2021-11-22T12:39:11","date_gmt":"2021-11-22T12:39:11","guid":{"rendered":"https:\/\/izmirpecete.com\/?post_type=product&#038;p=4537"},"modified":"2021-11-22T12:39:11","modified_gmt":"2021-11-22T12:39:11","slug":"pencereli-kese-kagidi","status":"publish","type":"product","link":"https:\/\/izmirpecete.com\/index.php\/urun\/pencereli-kese-kagidi\/","title":{"rendered":"Pencereli Kese Ka\u011f\u0131d\u0131"},"content":{"rendered":"","protected":false},"excerpt":{"rendered":"","protected":false},"featured_media":0,"template":"","meta":[],"product_cat":[45],"product_tag":[],"_links":{"self":[{"href":"https:\/\/izmirpecete.com\/index.php\/wp-json\/wp\/v2\/product\/4537"}],"collection":[{"href":"https:\/\/izmirpecete.com\/index.php\/wp-json\/wp\/v2\/product"}],"about":[{"href":"https:\/\/izmirpecete.com\/index.php\/wp-json\/wp\/v2\/types\/product"}],"wp:attachment":[{"href":"https:\/\/izmirpecete.com\/index.php\/wp-json\/wp\/v2\/media?parent=4537"}],"wp:term":[{"taxonomy":"product_cat","embeddable":true,"href":"https:\/\/izmirpecete.com\/index.php\/wp-json\/wp\/v2\/product_cat?post=4537"},{"taxonomy":"product_tag","embeddable":true,"href":"https:\/\/izmirpecete.com\/index.php\/wp-json\/wp\/v2\/product_tag?post=4537"}],"curies":[{"name":"wp","href":"https:\/\/api.w.org\/{rel}","templated":true}]}}