{"id":10,"date":"2016-01-20T11:00:22","date_gmt":"2016-01-20T11:00:22","guid":{"rendered":"http:\/\/sp.useful-pixels.com\/?page_id=10"},"modified":"2021-11-22T11:59:14","modified_gmt":"2021-11-22T11:59:14","slug":"ana-sayfa","status":"publish","type":"page","link":"https:\/\/izmirpecete.com\/","title":{"rendered":"ANA SAYFA"},"content":{"rendered":"<p>[vc_row][vc_column width=&#8221;1\/2&#8243;][vc_empty_space height=&#8221;120px&#8221; emsmh=&#8221;50px&#8221;][vc_single_image image=&#8221;4490&#8243; img_size=&#8221;full&#8221;][\/vc_column][vc_column width=&#8221;1\/2&#8243;][vc_empty_space height=&#8221;125px&#8221; emsmh=&#8221;30px&#8221;][vc_custom_heading text=&#8221;HAKKIMIZDA&#8221; use_theme_fonts=&#8221;yes&#8221; css_animation=&#8221;none&#8221; css=&#8221;.vc_custom_1634077056407{margin-bottom: 15px !important;}&#8221;][argu_separator sepopt=&#8221;simple&#8221; bordersep=&#8221;sep_border&#8221; css_animation=&#8221;appear&#8221; bottom=&#8221;10&#8243; borderwidth=&#8221;62&#8243; bordercolor=&#8221;#126539&#8243; bordertick=&#8221;3&#8243;][vc_column_text css_animation=&#8221;none&#8221;]Euplus Lojistik Ambalaj San. Tic. A.\u015e.. olarak \u0130zmir ve \u0130stanbul&#8217;da birden fazla i\u015ftirakimizle, geli\u015ftirdi\u011fimiz i\u015fbirliklikleri ve \u00e7\u00f6z\u00fcmlerimizle pazara yeni heyecanlar getiriyoruz.<\/p>\n<p>M\u00fc\u015fterilerimize, do\u011fru \u00fcr\u00fcn\u00fc, do\u011fru zamanda, do\u011fru yerde ve uygun fiyatla sunmak \u00fczere \u00e7\u0131kt\u0131\u011f\u0131m\u0131z bu yolda, a\u011f\u0131rl\u0131kl\u0131 olarak g\u0131da ve hizmet sekt\u00f6r\u00fcndeki ulusal firmalar i\u00e7in lojistik ve tedarik servisleri vermekteyiz.<\/p>\n<p>\u00c7\u00f6z\u00fcm sundu\u011fumuz firmalar\u0131n i\u015f s\u00fcre\u00e7lerine entegrasyon sa\u011flayarak m\u00fc\u015fteri memnuniyetlerini art\u0131racak stratejileri ve i\u015f modellerini birlikte geli\u015ftiriyoruz.[\/vc_column_text][vc_empty_space height=&#8221;35px&#8221; emsmh=&#8221;35px&#8221;][vc_button color=&#8221;up_btn-s&#8221; bt_customcolor=&#8221;#ffffff&#8221; bg_customcolor=&#8221;#126539&#8243; title=&#8221;\u0130LET\u0130\u015e\u0130M&#8221; href=&#8221;#&#8221; icon=&#8221;fa-long-arrow-right&#8221;][vc_empty_space height=&#8221;10px&#8221; emsmh=&#8221;30px&#8221;][\/vc_column][\/vc_row][vc_section parallax=&#8221;content-moving&#8221; parallax_speed_bg=&#8221;2&#8243; css=&#8221;.vc_custom_1634077846948{background-color: #ffffff !important;}&#8221;][vc_row][vc_column][vc_empty_space height=&#8221;30px&#8221; emsmh=&#8221;30px&#8221;][vc_custom_heading text=&#8221;BASKILI PE\u00c7ETELER&#8221; font_container=&#8221;tag:h3|text_align:center&#8221; use_theme_fonts=&#8221;yes&#8221; css_animation=&#8221;none&#8221;][argu_separator sepopt=&#8221;simple&#8221; bordersep=&#8221;sep_border&#8221; css_animation=&#8221;appear&#8221; borderpos=&#8221;bpc&#8221; bottom=&#8221;15&#8243; borderwidth=&#8221;62&#8243; bordercolor=&#8221;#126539&#8243; bordertick=&#8221;3&#8243; top=&#8221;10&#8243;][\/vc_column][\/vc_row][vc_row][vc_column]<div class=\"woocommerce columns-3 \"><ul class=\"products columns-3\">\n<li class=\"up-gallery-woo product type-product post-4552 status-publish first instock product_cat-baskili-peceteler has-post-thumbnail shipping-taxable product-type-simple\">\n\t<img width=\"300\" height=\"300\" src=\"https:\/\/izmirpecete.com\/wp-content\/uploads\/2021\/11\/20x20-siyah-300x300.jpeg\" class=\"sec-image attachment-shop-catalog\" alt=\"\" loading=\"lazy\" srcset=\"https:\/\/izmirpecete.com\/wp-content\/uploads\/2021\/11\/20x20-siyah-300x300.jpeg 300w, https:\/\/izmirpecete.com\/wp-content\/uploads\/2021\/11\/20x20-siyah-150x150.jpeg 150w, https:\/\/izmirpecete.com\/wp-content\/uploads\/2021\/11\/20x20-siyah-768x768.jpeg 768w, https:\/\/izmirpecete.com\/wp-content\/uploads\/2021\/11\/20x20-siyah-200x200.jpeg 200w, https:\/\/izmirpecete.com\/wp-content\/uploads\/2021\/11\/20x20-siyah-600x600.jpeg 600w, https:\/\/izmirpecete.com\/wp-content\/uploads\/2021\/11\/20x20-siyah-100x100.jpeg 100w, https:\/\/izmirpecete.com\/wp-content\/uploads\/2021\/11\/20x20-siyah.jpeg 847w\" sizes=\"(max-width: 300px) 100vw, 300px\" \/><\/li>\n<li class=\"product type-product post-4558 status-publish instock product_cat-baskili-peceteler has-post-thumbnail shipping-taxable product-type-simple\">\n\t<\/li>\n<li class=\"up-gallery-woo product type-product post-4565 status-publish last instock product_cat-baskili-peceteler has-post-thumbnail shipping-taxable product-type-simple\">\n\t<img width=\"300\" height=\"300\" src=\"https:\/\/izmirpecete.com\/wp-content\/uploads\/2021\/11\/cepli-peceteler-40x40-1-300x300.jpeg\" class=\"sec-image attachment-shop-catalog\" alt=\"\" loading=\"lazy\" srcset=\"https:\/\/izmirpecete.com\/wp-content\/uploads\/2021\/11\/cepli-peceteler-40x40-1-300x300.jpeg 300w, https:\/\/izmirpecete.com\/wp-content\/uploads\/2021\/11\/cepli-peceteler-40x40-1-150x150.jpeg 150w, https:\/\/izmirpecete.com\/wp-content\/uploads\/2021\/11\/cepli-peceteler-40x40-1-768x768.jpeg 768w, https:\/\/izmirpecete.com\/wp-content\/uploads\/2021\/11\/cepli-peceteler-40x40-1-200x200.jpeg 200w, https:\/\/izmirpecete.com\/wp-content\/uploads\/2021\/11\/cepli-peceteler-40x40-1-600x600.jpeg 600w, https:\/\/izmirpecete.com\/wp-content\/uploads\/2021\/11\/cepli-peceteler-40x40-1-100x100.jpeg 100w, https:\/\/izmirpecete.com\/wp-content\/uploads\/2021\/11\/cepli-peceteler-40x40-1.jpeg 847w\" sizes=\"(max-width: 300px) 100vw, 300px\" \/><\/li>\n<li class=\"product type-product post-4482 status-publish first instock product_cat-baskili-peceteler has-post-thumbnail shipping-taxable product-type-simple\">\n\t<\/li>\n<li class=\"product type-product post-4563 status-publish instock product_cat-baskili-peceteler has-post-thumbnail shipping-taxable product-type-simple\">\n\t<\/li>\n<li class=\"product type-product post-4562 status-publish last instock product_cat-baskili-peceteler has-post-thumbnail shipping-taxable product-type-simple\">\n\t<\/li>\n<li class=\"product type-product post-4550 status-publish first instock product_cat-baskili-peceteler has-post-thumbnail shipping-taxable product-type-simple\">\n\t<\/li>\n<li class=\"product type-product post-4551 status-publish instock product_cat-baskili-peceteler has-post-thumbnail shipping-taxable product-type-simple\">\n\t<\/li>\n<li class=\"product type-product post-4553 status-publish last instock product_cat-baskili-peceteler has-post-thumbnail shipping-taxable product-type-simple\">\n\t<\/li>\n<li class=\"product type-product post-4554 status-publish first instock product_cat-baskili-peceteler has-post-thumbnail shipping-taxable product-type-simple\">\n\t<\/li>\n<li class=\"product type-product post-4556 status-publish instock product_cat-baskili-peceteler has-post-thumbnail shipping-taxable product-type-simple\">\n\t<\/li>\n<li class=\"product type-product post-4559 status-publish last instock product_cat-baskili-peceteler has-post-thumbnail shipping-taxable product-type-simple\">\n\t<\/li>\n<\/ul>\n<\/div>[\/vc_column][\/vc_row][\/vc_section][vc_section][vc_row][vc_column][vc_empty_space height=&#8221;30px&#8221; emsmh=&#8221;30px&#8221;][vc_custom_heading text=&#8221;TAMAMLAYICI \u00dcR\u00dcNLER&#8221; font_container=&#8221;tag:h3|text_align:center&#8221; use_theme_fonts=&#8221;yes&#8221; css_animation=&#8221;none&#8221;][argu_separator sepopt=&#8221;simple&#8221; bordersep=&#8221;sep_border&#8221; css_animation=&#8221;appear&#8221; borderpos=&#8221;bpc&#8221; bottom=&#8221;15&#8243; borderwidth=&#8221;62&#8243; bordercolor=&#8221;#126539&#8243; bordertick=&#8221;3&#8243; top=&#8221;10&#8243;][vc_empty_space height=&#8221;30px&#8221; emsmh=&#8221;30px&#8221;][\/vc_column][\/vc_row][vc_row][vc_column]<div class=\"woocommerce columns-3\"><ul class=\"products columns-3\">\n<li class=\"product-category product first\">\n\t<\/li>\n<li class=\"product-category product\">\n\t<\/li>\n<li class=\"product-category product last\">\n\t<\/li>\n<li class=\"product-category product first\">\n\t<\/li>\n<li class=\"product-category product\">\n\t<\/li>\n<li class=\"product-category product last\">\n\t<\/li>\n<li class=\"product-category product first\">\n\t<\/li>\n<li class=\"product-category product\">\n\t<\/li>\n<li class=\"product-category product last\">\n\t<\/li>\n<li class=\"product-category product first\">\n\t<\/li>\n<li class=\"product-category product\">\n\t<\/li>\n<li class=\"product-category product last\">\n\t<\/li>\n<li class=\"product-category product first\">\n\t<\/li>\n<li class=\"product-category product\">\n\t<\/li>\n<li class=\"product-category product last\">\n\t<\/li>\n<li class=\"product-category product first\">\n\t<\/li>\n<li class=\"product-category product\">\n\t<\/li>\n<\/ul>\n<\/div>[\/vc_column][\/vc_row][\/vc_section][vc_row css=&#8221;.vc_custom_1634079303164{background-color: #141414 !important;}&#8221; el_class=&#8221;shadow&#8221;][vc_column][vc_empty_space height=&#8221;70px&#8221; emsmh=&#8221;35px&#8221;][vc_custom_heading text=&#8221;HER T\u00dcRL\u00dc SORU VE G\u00d6R\u00dc\u015eLER\u0130N\u0130Z \u0130\u00c7\u0130N ?&#8221; font_container=&#8221;tag:h2|text_align:center|color:%23ffffff&#8221; use_theme_fonts=&#8221;yes&#8221; el_class=&#8221;tin&#8221; css=&#8221;.vc_custom_1634078638872{padding-bottom: 5px !important;}&#8221;][vc_custom_heading text=&#8221;Restoran zinciriniz i\u00e7in ihtiya\u00e7 duydu\u011funuz her t\u00fcrl\u00fc ambalaj ve sarf malzemeleriniz i\u00e7in bizimle ileti\u015fime ge\u00e7iniz.&#8221; font_container=&#8221;tag:h3|font_size:21px|text_align:center|color:%23bdbdbd|line_height:28px&#8221; use_theme_fonts=&#8221;yes&#8221;][vc_empty_space height=&#8221;15px&#8221;][vc_button color=&#8221;up_btn-d&#8221; align=&#8221;center&#8221; title=&#8221;\u0130LET\u0130\u015e\u0130M&#8221; href=&#8221;#&#8221;][vc_empty_space height=&#8221;77px&#8221; emsmh=&#8221;50px&#8221;][\/vc_column][\/vc_row]<\/p>\n","protected":false},"excerpt":{"rendered":"<p>[vc_row][vc_column width=&#8221;1\/2&#8243;][vc_empty_space height=&#8221;120px&#8221; emsmh=&#8221;50px&#8221;][vc_single_image image=&#8221;4490&#8243; img_size=&#8221;full&#8221;][\/vc_column][vc_column width=&#8221;1\/2&#8243;][vc_empty_space height=&#8221;125px&#8221; emsmh=&#8221;30px&#8221;][vc_custom_heading text=&#8221;HAKKIMIZDA&#8221; use_theme_fonts=&#8221;yes&#8221; css_animation=&#8221;none&#8221; css=&#8221;.vc_custom_1634077056407{margin-bottom: 15px !important;}&#8221;][argu_separator sepopt=&#8221;simple&#8221; bordersep=&#8221;sep_border&#8221; css_animation=&#8221;appear&#8221; bottom=&#8221;10&#8243; borderwidth=&#8221;62&#8243; bordercolor=&#8221;#126539&#8243; bordertick=&#8221;3&#8243;][vc_column_text css_animation=&#8221;none&#8221;]Euplus Lojistik Ambalaj San. Tic. A.\u015e.. olarak \u0130zmir ve \u0130stanbul&#8217;da birden fazla i\u015ftirakimizle, geli\u015ftirdi\u011fimiz i\u015fbirliklikleri ve \u00e7\u00f6z\u00fcmlerimizle pazara yeni heyecanlar getiriyoruz. M\u00fc\u015fterilerimize, do\u011fru \u00fcr\u00fcn\u00fc, do\u011fru zamanda, do\u011fru yerde ve uygun fiyatla sunmak \u00fczere \u00e7\u0131kt\u0131\u011f\u0131m\u0131z bu yolda, a\u011f\u0131rl\u0131kl\u0131 olarak g\u0131da ve hizmet sekt\u00f6r\u00fcndeki ulusal firmalar i\u00e7in lojistik ve tedarik servisleri vermekteyiz. \u00c7\u00f6z\u00fcm sundu\u011fumuz firmalar\u0131n i\u015f s\u00fcre\u00e7lerine entegrasyon sa\u011flayarak m\u00fc\u015fteri memnuniyetlerini art\u0131racak stratejileri ve i\u015f modellerini birlikte geli\u015ftiriyoruz.[\/vc_column_text][vc_empty_space height=&#8221;35px&#8221; emsmh=&#8221;35px&#8221;][vc_button color=&#8221;up_btn-s&#8221; bt_customcolor=&#8221;#ffffff&#8221; bg_customcolor=&#8221;#126539&#8243; title=&#8221;\u0130LET\u0130\u015e\u0130M&#8221; href=&#8221;#&#8221; icon=&#8221;fa-long-arrow-right&#8221;][vc_empty_space height=&#8221;10px&#8221; emsmh=&#8221;30px&#8221;][\/vc_column][\/vc_row][vc_section parallax=&#8221;content-moving&#8221; parallax_speed_bg=&#8221;2&#8243; &hellip; <a href=\"https:\/\/izmirpecete.com\/\">Continued<\/a><\/p>\n","protected":false},"author":1,"featured_media":0,"parent":0,"menu_order":0,"comment_status":"closed","ping_status":"closed","template":"page-fullwidth.php","meta":[],"_links":{"self":[{"href":"https:\/\/izmirpecete.com\/index.php\/wp-json\/wp\/v2\/pages\/10"}],"collection":[{"href":"https:\/\/izmirpecete.com\/index.php\/wp-json\/wp\/v2\/pages"}],"about":[{"href":"https:\/\/izmirpecete.com\/index.php\/wp-json\/wp\/v2\/types\/page"}],"author":[{"embeddable":true,"href":"https:\/\/izmirpecete.com\/index.php\/wp-json\/wp\/v2\/users\/1"}],"replies":[{"embeddable":true,"href":"https:\/\/izmirpecete.com\/index.php\/wp-json\/wp\/v2\/comments?post=10"}],"version-history":[{"count":10,"href":"https:\/\/izmirpecete.com\/index.php\/wp-json\/wp\/v2\/pages\/10\/revisions"}],"predecessor-version":[{"id":4476,"href":"https:\/\/izmirpecete.com\/index.php\/wp-json\/wp\/v2\/pages\/10\/revisions\/4476"}],"wp:attachment":[{"href":"https:\/\/izmirpecete.com\/index.php\/wp-json\/wp\/v2\/media?parent=10"}],"curies":[{"name":"wp","href":"https:\/\/api.w.org\/{rel}","templated":true}]}}