{"id":4482,"date":"2021-10-28T09:10:51","date_gmt":"2021-10-28T09:10:51","guid":{"rendered":"https:\/\/izmirpecete.com\/test\/?post_type=product&#038;p=4482"},"modified":"2023-01-17T15:24:59","modified_gmt":"2023-01-17T15:24:59","slug":"baskili-pecete","status":"publish","type":"product","link":"http:\/\/izmirpecete.com\/index.php\/urun\/baskili-pecete\/","title":{"rendered":"Bask\u0131l\u0131 Pe\u00e7ete"},"content":{"rendered":"","protected":false},"excerpt":{"rendered":"","protected":false},"featured_media":4576,"template":"","meta":[],"product_cat":[46],"product_tag":[],"_links":{"self":[{"href":"http:\/\/izmirpecete.com\/index.php\/wp-json\/wp\/v2\/product\/4482"}],"collection":[{"href":"http:\/\/izmirpecete.com\/index.php\/wp-json\/wp\/v2\/product"}],"about":[{"href":"http:\/\/izmirpecete.com\/index.php\/wp-json\/wp\/v2\/types\/product"}],"wp:featuredmedia":[{"embeddable":true,"href":"http:\/\/izmirpecete.com\/index.php\/wp-json\/wp\/v2\/media\/4576"}],"wp:attachment":[{"href":"http:\/\/izmirpecete.com\/index.php\/wp-json\/wp\/v2\/media?parent=4482"}],"wp:term":[{"taxonomy":"product_cat","embeddable":true,"href":"http:\/\/izmirpecete.com\/index.php\/wp-json\/wp\/v2\/product_cat?post=4482"},{"taxonomy":"product_tag","embeddable":true,"href":"http:\/\/izmirpecete.com\/index.php\/wp-json\/wp\/v2\/product_tag?post=4482"}],"curies":[{"name":"wp","href":"https:\/\/api.w.org\/{rel}","templated":true}]}}