{"id":4468,"date":"2021-10-28T07:40:58","date_gmt":"2021-10-28T07:40:58","guid":{"rendered":"https:\/\/izmirpecete.com\/test\/?post_type=product&#038;p=4468"},"modified":"2021-10-28T07:40:58","modified_gmt":"2021-10-28T07:40:58","slug":"2li-tasiyici","status":"publish","type":"product","link":"http:\/\/izmirpecete.com\/index.php\/urun\/2li-tasiyici\/","title":{"rendered":"2\u2019li Ta\u015f\u0131y\u0131c\u0131"},"content":{"rendered":"","protected":false},"excerpt":{"rendered":"","protected":false},"featured_media":4373,"template":"","meta":[],"product_cat":[42],"product_tag":[],"_links":{"self":[{"href":"http:\/\/izmirpecete.com\/index.php\/wp-json\/wp\/v2\/product\/4468"}],"collection":[{"href":"http:\/\/izmirpecete.com\/index.php\/wp-json\/wp\/v2\/product"}],"about":[{"href":"http:\/\/izmirpecete.com\/index.php\/wp-json\/wp\/v2\/types\/product"}],"wp:featuredmedia":[{"embeddable":true,"href":"http:\/\/izmirpecete.com\/index.php\/wp-json\/wp\/v2\/media\/4373"}],"wp:attachment":[{"href":"http:\/\/izmirpecete.com\/index.php\/wp-json\/wp\/v2\/media?parent=4468"}],"wp:term":[{"taxonomy":"product_cat","embeddable":true,"href":"http:\/\/izmirpecete.com\/index.php\/wp-json\/wp\/v2\/product_cat?post=4468"},{"taxonomy":"product_tag","embeddable":true,"href":"http:\/\/izmirpecete.com\/index.php\/wp-json\/wp\/v2\/product_tag?post=4468"}],"curies":[{"name":"wp","href":"https:\/\/api.w.org\/{rel}","templated":true}]}}